{"id":6524,"date":"2025-10-28T10:22:11","date_gmt":"2025-10-28T10:22:11","guid":{"rendered":"https:\/\/agenteinmobiliarioonline.com\/politica-de-privacitat\/"},"modified":"2025-10-28T13:12:23","modified_gmt":"2025-10-28T13:12:23","slug":"politica-de-privacitat","status":"publish","type":"page","link":"https:\/\/www.agenteinmobiliarioonline.com\/ca\/politica-de-privacitat\/","title":{"rendered":"Pol\u00edtica de privacitat"},"content":{"rendered":"\t\t<div data-elementor-type=\"wp-page\" data-elementor-id=\"6524\" class=\"elementor elementor-6524 elementor-6492\" data-elementor-post-type=\"page\">\n\t\t\t\t<div class=\"elementor-element elementor-element-29b84c4c e-con-full e-flex e-con e-parent\" data-id=\"29b84c4c\" data-element_type=\"container\" data-e-type=\"container\">\n\t\t\t\t<div class=\"elementor-element elementor-element-13831ad7 elementor-widget elementor-widget-text-editor\" data-id=\"13831ad7\" data-element_type=\"widget\" data-e-type=\"widget\" data-widget_type=\"text-editor.default\">\n\t\t\t\t<div class=\"elementor-widget-container\">\n\t\t\t\t\t\t\t\t\t<p>El Titular l&#8217;informa sobre la seva Pol\u00edtica de Privacitat respecte al tractament i protecci\u00f3 de les dades de car\u00e0cter personal dels usuaris que puguin ser recollides durant la navegaci\u00f3 a trav\u00e9s del Lloc Web: <a href=\"https:\/\/agenteinmobiliarioonline.com\/politica-de-privacidad\/\">https:\/\/agenteinmobiliarioonline.com<\/a><\/p><p>En aquest sentit, el Titular compleix amb el Reglament (UE) 2016\/679 del Parlament Europeu i del Consell de 27 d&#8217;abril de 2016 relatiu a la protecci\u00f3 de les persones f\u00edsiques (RGPD).<\/p><p>L&#8217;\u00fas de Lloc Web implica l&#8217;acceptaci\u00f3 d&#8217;aquesta Pol\u00edtica de Privacitat aix\u00ed com les condicions incloses a<a href=\"https:\/\/agenteinmobiliarioonline.com\/aviso-legal\/\"> l&#8217;Av\u00eds Legal.<\/a><\/p><p><strong>Identitat del Responsable<\/strong><\/p><ul><li>Responsable: Grupo Rascacielos SL.<\/li><li><strong>NIF: L-719864-P<\/strong><\/li><li><strong>Domicili:<\/strong> Edifici Mirador de Casamanya num 2, Ordino &#8211; Andorra.<\/li><li><strong>Correu electr\u00f2nic: <\/strong>rascacielos@agenteinmobiliarioonline.com<\/li><li><strong>Lloc web: <\/strong><a href=\"https:\/\/agenteinmobiliarioonline.com\/politica-de-privacidad\/\">https:\/\/agenteinmobiliarioonline.com<\/a><\/li><\/ul><p><strong>Principis aplicats en el tractament de dades<\/strong><\/p><p>En el tractament de les seves dades personals, el Titular aplicar\u00e0 els seg\u00fcents principis que s&#8217;ajusten a les exig\u00e8ncies del nou reglament europeu de protecci\u00f3 de dades (RGPD):<\/p><ul><li>Principi de licitud, lleialtat i transpar\u00e8ncia: El Titular sempre requerir\u00e0 el consentiment per al tractament de les dades personals que pot ser per a una o diverses finalitats espec\u00edfiques sobre les quals el Titular informar\u00e0 l&#8217;Usuari pr\u00e8viament amb absoluta transpar\u00e8ncia.<\/li><li>Principi de minimitzaci\u00f3 de dades: El Titular sol\u00b7licitar\u00e0 nom\u00e9s les dades estrictament necess\u00e0ries per a la finalitat o les finalitats que les sol\u00b7licita.<\/li><li>Principi de limitaci\u00f3 del termini de conservaci\u00f3: El Titular mantindr\u00e0 les dades personals recollides durant el temps estrictament necessari per a la finalitat o les finalitats del tractament. El Titular informar\u00e0 l&#8217;Usuari del termini de conservaci\u00f3 corresponent segons la finalitat.<br>En el cas de subscripcions, el Titular revisar\u00e0 peri\u00f2dicament les llistes i eliminar\u00e0 aquells registres inactius durant un temps considerable. <\/li><li>Principi d&#8217;integritat i confidencialitat: Les dades personals recollides seran tractades de tal manera que la seva seguretat, confidencialitat i integritat estigui garantida.<br>El Titular pren les precaucions necess\u00e0ries per evitar l&#8217;acc\u00e9s no autoritzat o \u00fas indegut de les dades dels seus usuaris per part de tercers.<\/li><\/ul><p><strong>Obtenci\u00f3 de dades personals<\/strong><\/p><p>Per navegar pel Lloc Web no \u00e9s necessari que faciliti cap dada personal.<\/p><p><strong>Derechos<\/strong><\/p><p>El Titular l&#8217;informa que sobre les seves dades personals t\u00e9 dret a:<\/p><ul><li>Sol\u00b7licitar l&#8217;acc\u00e9s a les dades emmagatzemades.<\/li><li>Sol\u00b7licitar una rectificaci\u00f3 o la supressi\u00f3.<\/li><li>Sol\u00b7licitar la limitaci\u00f3 del seu tractament.<\/li><li>Oposar-se al tractament.<\/li><\/ul><p>No pot exercitar el dret a la portabilitat de les dades.<\/p><p>L&#8217;exercici d&#8217;aquests drets \u00e9s personal i per tant ha de ser exercit directament per l&#8217;interessat, sol\u00b7licitant-ho directament al Titular, cosa que significa que qualsevol client, subscriptor o col\u00b7laborador que hagi facilitat les seves dades en algun moment, pot dirigir-se al Titular i demanar informaci\u00f3 sobre les dades que t\u00e9 emmagatzemades i com les ha obtingut, sol\u00b7licitar la rectificaci\u00f3 de les mateixes, oposar-se al tractament, limitar el seu \u00fas o sol\u00b7licitar la supressi\u00f3 d&#8217;aquestes dades en els fitxers del Titular.<\/p><p>Per exercitar els seus drets ha d&#8217;enviar la seva petici\u00f3 juntament amb una fotoc\u00f2pia del Document Nacional d&#8217;Identitat o equivalent a l&#8217;adre\u00e7a de correu electr\u00f2nic: rascacielos@agenteinmobiliarioonline.com<\/p><p>L&#8217;exercici d&#8217;aquests drets no inclou cap dada que el Titular estigui obligat a conservar amb finalitats administratives, legals o de seguretat.<\/p><p>T\u00e9 dret a la tutela judicial efectiva i a presentar una reclamaci\u00f3 davant l&#8217;autoritat de control, en aquest cas, l&#8217;Ag\u00e8ncia Espanyola de Protecci\u00f3 de Dades, si considera que el tractament de dades personals que el concerneixen infringeix el Reglament.<\/p><p><strong>Finalitat del tractament de dades personals<\/strong><\/p><p>Quan vost\u00e8 es connecta al Lloc Web per enviar un correu al Titular, se subscriu al seu butllet\u00ed est\u00e0 facilitant informaci\u00f3 de car\u00e0cter personal de la qual el responsable \u00e9s el Titular. Aquesta informaci\u00f3 pot incloure dades de car\u00e0cter personal com poden ser la seva adre\u00e7a IP, nom i cognoms, adre\u00e7a f\u00edsica, adre\u00e7a de correu electr\u00f2nic, n\u00famero de tel\u00e8fon, i altra informaci\u00f3. En facilitar aquesta informaci\u00f3, d\u00f3na el seu consentiment perqu\u00e8 la seva informaci\u00f3 sigui recopilada, utilitzada, gestionada i emmagatzemada per \u2014 Grupo Rascacielos SL \u2014 nom\u00e9s com es descriu a les p\u00e0gines:  <\/p><ul><li><a href=\"https:\/\/agenteinmobiliarioonline.com\/aviso-legal\/\">Av\u00eds Legal<\/a><\/li><li><a href=\"https:\/\/agenteinmobiliarioonline.com\/politica-de-privacidad\/\">Pol\u00edtica de Privacitat<\/a><\/li><\/ul><p>Les dades personals i la finalitat del tractament per part del Titular \u00e9s diferent segons el sistema de captura d&#8217;informaci\u00f3:<\/p><p>Existeixen altres finalitats per les quals el Titular tracta dades personals:<\/p><ul><li>Per garantir el compliment de les condicions recollides a la p\u00e0gina d&#8217;Av\u00eds Legal i de la llei aplicable. Aix\u00f2 pot incloure el desenvolupament d&#8217;eines i algorismes que ajudin al Lloc Web a garantir la confidencialitat de les dades personals que recull.1 <\/li><li>Per donar suport i mi2llorar els serveis que ofereix aquest Lloc Web.<\/li><li><a href=\"https:\/\/agenteinmobiliarioonline.com\/politica-de-cookies\/\">Per analitzar la navegaci\u00f3 dels usuaris. El Titular recull altres dades no identificatives que s&#8217;obtenen mitjan\u00e7ant l&#8217;\u00fas de galetes que es descarreguen a l&#8217;ordinador de l&#8217;Usuari quan navega pel Lloc Web les caracter\u00edstiques i finalitat de les quals estan detallades a la p\u00e0gina de Pol\u00edtica de Galetes.<\/a> <\/li><li>Per gestionar les xarxes socials. El Titular t\u00e9 pres\u00e8ncia en xarxes socials. Si vost\u00e8 es fa seguidor a les xarxes socials del Titular el tractament de les dades personals es regir\u00e0 per aquest apartat, aix\u00ed com per aquelles condicions d&#8217;\u00fas, pol\u00edtiques de privacitat i normatives d&#8217;acc\u00e9s que pertanyin a la xarxa social que procedeixi en cada cas i que ha acceptat pr\u00e8viament.<br>Pot consultar les pol\u00edtiques de privacitat de les principals xarxes socials en aquests enlla\u00e7os:  <ul><li><a href=\"https:\/\/www.facebook.com\/help\/cookies\">Facebook<\/a><\/li><li><a href=\"https:\/\/twitter.com\/privacy\">Twitter<\/a><\/li><li><a href=\"https:\/\/www.linkedin.com\/legal\/cookie-policy\">Linkedin<\/a><\/li><li><a href=\"https:\/\/www.youtube.com\/privacy\">YouTube<\/a><\/li><li><a href=\"https:\/\/www.instagram.com\/legal\/privacy\/\">Instagram<\/a><\/li><\/ul><\/li><\/ul><p>El Titular tractar\u00e0 les seves dades personals amb la finalitat d&#8217;administrar correctament la seva pres\u00e8ncia a la xarxa social, informar-lo de les seves activitats, aix\u00ed com per a qualsevol altra finalitat que les normatives de les xarxes socials permeten.<\/p><p>En cap cas el Titular utilitzar\u00e0 els perfils de seguidors en xarxes socials per enviar publicitat de manera individual.<\/p><p><strong>Seguretat de les dades personals<\/strong><\/p><p>Per protegir les seves dades personals, el Titular pren totes les precaucions raonables i segueix les millors pr\u00e0ctiques de la ind\u00fastria per evitar la seva p\u00e8rdua, mal \u00fas, acc\u00e9s indegut, divulgaci\u00f3, alteraci\u00f3 o destrucci\u00f3 de les mateixes.<\/p><p>Les seves dades podran ser incorporades a un fitxer de llista de correu, del qual el Titular \u00e9s responsable de la seva gesti\u00f3 i tractament. La seguretat de les seves dades est\u00e0 garantida, ja que el Titular pren totes les mesures de seguretat necess\u00e0ries i li garanteix que les dades personals nom\u00e9s s&#8217;usaran per a les finalitats donades. <\/p><p>El Titular informa l&#8217;Usuari que les seves dades personals no seran cedides a terceres organitzacions, amb l&#8217;excepci\u00f3 que aquesta cessi\u00f3 de dades estigui emparada en una obligaci\u00f3 legal o quan la prestaci\u00f3 d&#8217;un servei impliqui la necessitat d&#8217;una relaci\u00f3 contractual amb un encarregat de tractament. En aquest \u00faltim cas, nom\u00e9s es dur\u00e0 a terme la cessi\u00f3 de dades al tercer quan el Titular disposi del consentiment expr\u00e9s de l&#8217;Usuari.3 <\/p><p>No obstant aix\u00f2, en alguns casos es poden realitzar col\u00b7laboracions amb 4altres professionals, en aquests casos, es requerir\u00e0 consentiment a l&#8217;Usuari informant sobre la identitat del col\u00b7laborador i la finalitat de la col\u00b7laboraci\u00f3. Sempre es realitzar\u00e0 amb els m\u00e9s estrictes est\u00e0ndards de seguretat. <\/p><p><strong>Contingut d&#8217;altres llocs web<\/strong><\/p><p>Les p\u00e0gines d&#8217;aquest Lloc Web poden incloure contingut incrustat (per exemple, v\u00eddeos, imatges, articles, etc.). El contingut incrustat d&#8217;altres webs es comporta exactament de la mateixa manera que si hagu\u00e9s visitat l&#8217;altra web. <\/p><p>Aquests llocs Web poden recopilar dades sobre vost\u00e8, utilitzar galetes, incrustar un codi de seguiment addicional de tercers, i supervisar la seva interacci\u00f3 usant aquest codi.<\/p><p><strong>Pol\u00edtica de galetes<\/strong><\/p><p>Perqu\u00e8 aquest Lloc Web funcioni correctament necessita utilitzar galetes, que \u00e9s una informaci\u00f3 que s&#8217;emmagatzema en el seu navegador web.<\/p><p>Pot consultar tota la informaci\u00f3 relativa a la pol\u00edtica de recollida i tractament de les galetes a la p\u00e0gina de <a href=\"https:\/\/agenteinmobiliarioonline.com\/politica-de-cookies\/\">Pol\u00edtica de galetes<\/a>.<\/p><p><strong>Legitimaci\u00f3 per al tractament de dades<\/strong><\/p><p>La base legal per al tractament de les seves dades \u00e9s:<\/p><ul><li>El consentiment de l&#8217;interessat.<\/li><\/ul><p><strong>Categories de dades personals<\/strong><\/p><p>Les categories de dades personals que tracta el Titular s\u00f3n:<\/p><ul><li>Dades identificatives.<\/li><li>No es tracten categories de dades especialment protegides.<\/li><\/ul><p><strong>Conservaci\u00f3 de dades personals<\/strong><\/p><p>Les dades personals proporcionades al Titular es conservaran fins que sol\u00b7liciti la seva supressi\u00f3.<\/p><p><strong>Destinataris de dades personals<\/strong><\/p><ul><li>Google Analytics \u00e9s un servei d&#8217;anal\u00edtica web prestat per Google, Inc., una companyia de Delaware l&#8217;oficina principal de la qual est\u00e0 a 1600 Amphitheatre Parkway, Mountain View (Calif\u00f2rnia), CA 94043, Estats Units (&#8220;Google&#8221;).<br>Google Analytics utilitza &#8220;galetes&#8221;, que s\u00f3n arxius de text ubicats al seu ordinador, per ajudar el Titular a analitzar l&#8217;\u00fas que fan els Usuaris del Lloc Web. La informaci\u00f3 que genera la galeta sobre l&#8217;\u00fas del Lloc Web (incloent-hi l&#8217;adre\u00e7a IP) ser\u00e0 directament transmesa i arxivada per Google en els servidors dels Estats Units.<br>M\u00e9s informaci\u00f3 a: <a href=\"https:\/\/policies.google.com\/privacy?hl=es-ES\">https:\/\/analytics.google.com<\/a> <\/li><li>Google AdSense \u00e9s un conjunt de serveis publicitaris proporcionat per Google, Inc., una companyia de Delaware l&#8217;oficina principal de la qual est\u00e0 a 1600 Amphitheatre Parkway, Mountain View (Calif\u00f2rnia), CA 94043, Estats Units (&#8220;Google&#8221;).<br>AdSense utilitza les galetes per millorar la publicitat, segmentar-la segons el contingut que sigui rellevant per als usuaris i millorar els informes de rendiment de les campanyes.<br>M\u00e9s informaci\u00f3 a: <a href=\"https:\/\/policies.google.com\/privacy?hl=es-ES\">https:\/\/www.google.com\/adsense<\/a><\/li><\/ul><p>Pot consultar com Google gestiona la privacitat pel que fa a l&#8217;\u00fas de les galetes i altra informaci\u00f3 a la p\u00e0gina de Pol\u00edtica de privacitat de Google:<a href=\"https:\/\/policies.google.com\/privacy?hl=es\"> https:\/\/policies.google.com\/privacy?hl=es<\/a><\/p><p>Tamb\u00e9 pot veure una llista dels tipus de galetes que utilitza Google i els seus col\u00b7laboradors i tota la informaci\u00f3 relativa a l&#8217;\u00fas que fan de les galetes publicit\u00e0ries a:<\/p><ul><li><a href=\"https:\/\/policies.google.com\/technologies\/types?hl=es\">Tipus de galetes que utilitza Google<\/a><\/li><li><a href=\"https:\/\/policies.google.com\/technologies\/ads?hl=es\">Com utilitza Google les galetes en publicitat.<\/a><\/li><\/ul><p><strong>Navegaci\u00f3 Web<\/strong><\/p><p>En navegar pel Lloc Web es poden recollir dades no identificatives, que poden incloure, l&#8217;adre\u00e7a IP, geolocalitzaci\u00f3, un registre de com s&#8217;utilitzen els serveis i llocs, h\u00e0bits de navegaci\u00f3 i altres dades que no poden ser utilitzades per identificar-lo.<\/p><p>El Lloc Web utilitza els seg\u00fcents serveis d&#8217;an\u00e0lisi de tercers:<\/p><ul><li>Google Analytics.<\/li><li>Google AdSense.<\/li><\/ul><p>El Titular utilitza la informaci\u00f3 obtinguda per obtenir dades estad\u00edstiques, analitzar tend\u00e8ncies, administrar el lloc, estudiar patrons de navegaci\u00f3 i per recopilar informaci\u00f3 demogr\u00e0fica.<\/p><p>El Titular no es fa responsable del tractament de les dades personals que realitzin les p\u00e0gines web a les quals pugui accedir a trav\u00e9s dels diferents enlla\u00e7os que cont\u00e9 el Lloc Web.<\/p><p><strong>Exactitud i veracitat de les dades personals<\/strong><\/p><p>Vost\u00e8 es compromet a que les dades facilitades al Titular siguin correctes, completes, exactes i vigents, aix\u00ed com a mantenir-les degudament actualitzades.<\/p><p>Com a Usuari del Lloc Web \u00e9s l&#8217;\u00fanic responsable de la veracitat i correcci\u00f3 de les dades remeses al Lloc Web exonerant al Titular de qualsevol responsabilitat al respecte.<\/p><p><strong>Acceptaci\u00f3 i consentiment<\/strong><\/p><p>Com a Usuari del Lloc Web declara haver estat informat de les condicions sobre protecci\u00f3 de dades de car\u00e0cter personal, accepta i consent el tractament dels mateixos per part del Titular en la forma i per a les finalitats indicades en aquesta Pol\u00edtica de Privacitat.<\/p><p>Per contactar amb el Titular, subscriure&#8217;s a un butllet\u00ed o realitzar comentaris en aquest Lloc Web ha d&#8217;acceptar la present Pol\u00edtica de Privacitat.<\/p><p><strong>Canvis en la Pol\u00edtica de Privacitat<\/strong><\/p><p>El Titular es reserva el dret a modificar la present Pol\u00edtica de Privacitat per adaptar-la a novetats legislatives o jurisprudencials, aix\u00ed com a pr\u00e0ctiques de la ind\u00fastria.<\/p><p>Aquestes pol\u00edtiques estaran vigents fins que siguin modificades per altres degudament publicades.<\/p>\t\t\t\t\t\t\t\t<\/div>\n\t\t\t\t<\/div>\n\t\t\t\t<\/div>\n\t\t\t\t<\/div>\n\t\t","protected":false},"excerpt":{"rendered":"<p>El Titular l&#8217;informa sobre la seva Pol\u00edtica de Privacitat respecte al tractament i protecci\u00f3 de les dades de car\u00e0cter personal dels usuaris que puguin ser recollides durant la navegaci\u00f3 a trav\u00e9s del Lloc Web: https:\/\/agenteinmobiliarioonline.com En aquest sentit, el Titular compleix amb el Reglament (UE) 2016\/679 del Parlament Europeu i del Consell de 27 d&#8217;abril [&hellip;]<\/p>\n","protected":false},"author":4,"featured_media":0,"parent":0,"menu_order":0,"comment_status":"closed","ping_status":"closed","template":"","meta":{"site-sidebar-layout":"default","site-content-layout":"","ast-site-content-layout":"default","site-content-style":"default","site-sidebar-style":"default","ast-global-header-display":"","ast-banner-title-visibility":"","ast-main-header-display":"","ast-hfb-above-header-display":"","ast-hfb-below-header-display":"","ast-hfb-mobile-header-display":"","site-post-title":"disabled","ast-breadcrumbs-content":"","ast-featured-img":"","footer-sml-layout":"","theme-transparent-header-meta":"default","adv-header-id-meta":"","stick-header-meta":"","header-above-stick-meta":"","header-main-stick-meta":"","header-below-stick-meta":"","astra-migrate-meta-layouts":"default","ast-page-background-enabled":"default","ast-page-background-meta":{"desktop":{"background-color":"var(--ast-global-color-4)","background-image":"","background-repeat":"repeat","background-position":"center center","background-size":"auto","background-attachment":"scroll","background-type":"","background-media":"","overlay-type":"","overlay-color":"","overlay-opacity":"","overlay-gradient":""},"tablet":{"background-color":"","background-image":"","background-repeat":"repeat","background-position":"center center","background-size":"auto","background-attachment":"scroll","background-type":"","background-media":"","overlay-type":"","overlay-color":"","overlay-opacity":"","overlay-gradient":""},"mobile":{"background-color":"","background-image":"","background-repeat":"repeat","background-position":"center center","background-size":"auto","background-attachment":"scroll","background-type":"","background-media":"","overlay-type":"","overlay-color":"","overlay-opacity":"","overlay-gradient":""}},"ast-content-background-meta":{"desktop":{"background-color":"var(--ast-global-color-5)","background-image":"","background-repeat":"repeat","background-position":"center center","background-size":"auto","background-attachment":"scroll","background-type":"","background-media":"","overlay-type":"","overlay-color":"","overlay-opacity":"","overlay-gradient":""},"tablet":{"background-color":"var(--ast-global-color-5)","background-image":"","background-repeat":"repeat","background-position":"center center","background-size":"auto","background-attachment":"scroll","background-type":"","background-media":"","overlay-type":"","overlay-color":"","overlay-opacity":"","overlay-gradient":""},"mobile":{"background-color":"var(--ast-global-color-5)","background-image":"","background-repeat":"repeat","background-position":"center center","background-size":"auto","background-attachment":"scroll","background-type":"","background-media":"","overlay-type":"","overlay-color":"","overlay-opacity":"","overlay-gradient":""}},"footnotes":""},"class_list":["post-6524","page","type-page","status-publish","hentry"],"_links":{"self":[{"href":"https:\/\/www.agenteinmobiliarioonline.com\/ca\/wp-json\/wp\/v2\/pages\/6524","targetHints":{"allow":["GET"]}}],"collection":[{"href":"https:\/\/www.agenteinmobiliarioonline.com\/ca\/wp-json\/wp\/v2\/pages"}],"about":[{"href":"https:\/\/www.agenteinmobiliarioonline.com\/ca\/wp-json\/wp\/v2\/types\/page"}],"author":[{"embeddable":true,"href":"https:\/\/www.agenteinmobiliarioonline.com\/ca\/wp-json\/wp\/v2\/users\/4"}],"replies":[{"embeddable":true,"href":"https:\/\/www.agenteinmobiliarioonline.com\/ca\/wp-json\/wp\/v2\/comments?post=6524"}],"version-history":[{"count":6,"href":"https:\/\/www.agenteinmobiliarioonline.com\/ca\/wp-json\/wp\/v2\/pages\/6524\/revisions"}],"predecessor-version":[{"id":6563,"href":"https:\/\/www.agenteinmobiliarioonline.com\/ca\/wp-json\/wp\/v2\/pages\/6524\/revisions\/6563"}],"wp:attachment":[{"href":"https:\/\/www.agenteinmobiliarioonline.com\/ca\/wp-json\/wp\/v2\/media?parent=6524"}],"curies":[{"name":"wp","href":"https:\/\/api.w.org\/{rel}","templated":true}]}}