{"id":6516,"date":"2025-10-28T10:11:41","date_gmt":"2025-10-28T10:11:41","guid":{"rendered":"https:\/\/agenteinmobiliarioonline.com\/aviso-legal-2\/"},"modified":"2025-10-28T13:12:16","modified_gmt":"2025-10-28T13:12:16","slug":"aviso-legal-2","status":"publish","type":"page","link":"https:\/\/www.agenteinmobiliarioonline.com\/ca\/aviso-legal-2\/","title":{"rendered":"Av\u00eds Legal"},"content":{"rendered":"\t\t<div data-elementor-type=\"wp-page\" data-elementor-id=\"6516\" class=\"elementor elementor-6516 elementor-6486\" data-elementor-post-type=\"page\">\n\t\t\t\t<div class=\"elementor-element elementor-element-4537e979 e-flex e-con-boxed e-con e-parent\" data-id=\"4537e979\" data-element_type=\"container\" data-e-type=\"container\">\n\t\t\t\t\t<div class=\"e-con-inner\">\n\t\t\t\t<div class=\"elementor-element elementor-element-7ef34014 elementor-widget elementor-widget-text-editor\" data-id=\"7ef34014\" data-element_type=\"widget\" data-e-type=\"widget\" data-widget_type=\"text-editor.default\">\n\t\t\t\t<div class=\"elementor-widget-container\">\n\t\t\t\t\t\t\t\t\t<p><strong>Identificaci\u00f3 i Titularitat<\/strong><\/p><p>A continuaci\u00f3, el Titular exposa les seves dades identificatives:<\/p><ul><li>Titular: Grup Rascacielos SL.<\/li><li>NIF: L-719864-P<\/li><li>Domicili: Edifici Mirador de Casamanya num 2, Ordino &#8211; Andorra.<\/li><li>Correu electr\u00f2nic: rascacielos@agenteinmobiliarioonline.com<\/li><li>Lloc web: <a href=\"https:\/\/agenteinmobiliarioonline.com\/ca\/\">https:\/\/agenteinmobiliarioonline.com<\/a><\/li><\/ul><p><strong>Finalitat<\/strong><\/p><p>La finalitat del Lloc Web \u00e9s: Serveis de formaci\u00f3 en l\u00ednia.<\/p><p>Condicions d&#8217;\u00fas<\/p><p>La utilitzaci\u00f3 del Lloc Web li atorga la condici\u00f3 d\u2019Usuari, i implica l\u2019acceptaci\u00f3 completa de totes les cl\u00e0usules i condicions d\u2019\u00fas incloses a les p\u00e0gines:<\/p><ul><li><a href=\"https:\/\/agenteinmobiliarioonline.com\/aviso-legal-2\/\">Aviso Legal<\/a><\/li><li><a href=\"https:\/\/agenteinmobiliarioonline.com\/politica-de-privacidad-2\/\">Pol\u00edtica de privadesa<\/a><\/li><li><a href=\"https:\/\/agenteinmobiliarioonline.com\/politica-de-cookies-2\/\">Pol\u00edtica de galetes<\/a><\/li><\/ul><p>Si no est\u00e0 conforme amb totes i cadascuna d\u2019aquestes cl\u00e0usules i condicions, abstingui\u2019s d\u2019utilitzar el Lloc Web.<\/p><p>L\u2019acc\u00e9s al Lloc Web no suposa, en cap cas, l\u2019inici d\u2019una relaci\u00f3 comercial amb el Titular.<\/p><p>A trav\u00e9s del Lloc Web, el Titular li facilita l\u2019acc\u00e9s i la utilitzaci\u00f3 de diversos continguts que el Titular i\/o els seus col\u00b7laboradors han publicat mitjan\u00e7ant Internet.<\/p><p>A aquest efecte, est\u00e0 obligat i comprom\u00e8s a NO utilitzar cap dels continguts del Lloc Web amb fins o efectes il\u00b7l\u00edcits, prohibits en aquest Av\u00eds Legal o per la legislaci\u00f3 vigent, lesius dels drets i interessos de tercers, o que, de qualsevol manera, puguin danyar, inutilitzar, sobrecarregar, deteriorar o impedir la utilitzaci\u00f3 normal dels continguts, dels equips inform\u00e0tics o dels documents, arxius i tota mena de continguts emmagatzemats en qualsevol equip inform\u00e0tic propi o contractat pel Titular, per altres usuaris o per qualsevol usuari d\u2019Internet.<\/p><p><strong>Mesures de seguretat<\/strong><\/p><p>Les dades personals que faciliti al Titular poden ser emmagatzemades en bases de dades automatitzades o no, la titularitat de les quals correspon en exclusiva al Titular, que assumeix totes les mesures d\u2019\u00edndole t\u00e8cnica, organitzativa i de seguretat que garanteixen la confidencialitat, la integritat i la qualitat de la informaci\u00f3 continguda en aquestes, d\u2019acord amb el que estableix la normativa vigent en mat\u00e8ria de protecci\u00f3 de dades.<\/p><p>Tanmateix, ha de ser conscient que les mesures de seguretat dels sistemes inform\u00e0tics a Internet no s\u00f3n del tot fiables i que, per tant, el Titular no pot garantir la inexist\u00e8ncia de virus o altres elements que puguin produir alteracions en els sistemes inform\u00e0tics (programari i maquinari) de l\u2019Usuari o en els seus documents electr\u00f2nics i fitxers continguts en aquests, encara que el Titular posa tots els mitjans necessaris i pren les mesures de seguretat oportunes per evitar la pres\u00e8ncia d\u2019aquests elements nocius.<\/p><p><strong>Tractament de dades personals<\/strong><\/p><p>Pot consultar tota la informaci\u00f3 relativa al tractament de dades personals que recull el Titular a la p\u00e0gina de <a href=\"https:\/\/agenteinmobiliarioonline.com\/politica-de-privacidad\/\">Pol\u00edtica de privadesa.<\/a><\/p><p><strong>Continguts<\/strong><\/p><p>El Titular ha obtingut la informaci\u00f3, el contingut multim\u00e8dia i els materials inclosos al Lloc Web de fonts que considera fiables, per\u00f2, tot i haver pres totes les mesures raonables per assegurar que la informaci\u00f3 continguda \u00e9s correcta, el Titular no garanteix que sigui exacta, completa o actualitzada. El Titular declina expressament qualsevol responsabilitat per error o omissi\u00f3 en la informaci\u00f3 continguda a les p\u00e0gines del Lloc Web. <\/p><p>Queda prohibit transmetre o enviar a trav\u00e9s del Lloc Web qualsevol contingut il\u00b7legal o il\u00b7l\u00edcit, virus inform\u00e0tics o missatges que, en general, afectin o violin els drets del Titular o de tercers.<\/p><p>Els continguts del Lloc Web tenen \u00fanicament una finalitat informativa i, sota cap circumst\u00e0ncia, s\u2019han d\u2019utilitzar ni considerar com una oferta de venda, una sol\u00b7licitud d\u2019oferta de compra ni una recomanaci\u00f3 per realitzar qualsevol altra operaci\u00f3, llevat que aix\u00ed s\u2019indiqui expressament.<\/p><p>El Titular es reserva el dret de modificar, suspendre, cancel\u00b7lar o restringir el contingut del Lloc Web, els enlla\u00e7os o la informaci\u00f3 obtinguda a trav\u00e9s del Lloc Web, sense necessitat d\u2019av\u00eds previ.<\/p><p>El Titular no \u00e9s responsable dels danys i perjudicis que puguin derivar-se de la utilitzaci\u00f3 de la informaci\u00f3 del Lloc Web o de la continguda a les xarxes socials del Titular.<\/p><p><strong>Pol\u00edtica de galetes<\/strong><\/p><p>Pot consultar tota la informaci\u00f3 relativa a la pol\u00edtica de recollida i tractament de les galetes a la p\u00e0gina de <a href=\"https:\/\/agenteinmobiliarioonline.com\/politica-de-cookies\/\">Pol\u00edtica de galetes<\/a>.<\/p><p><strong>Enlla\u00e7os a altres llocs web<\/strong><\/p><p>El Titular pot proporcionar-li acc\u00e9s a llocs web de tercers mitjan\u00e7ant enlla\u00e7os amb la finalitat exclusiva d\u2019informar sobre l\u2019exist\u00e8ncia d\u2019altres fonts d\u2019informaci\u00f3 a Internet en les quals podr\u00e0 ampliar les dades ofertes al Lloc Web.<\/p><p>Aquests enlla\u00e7os a altres llocs web no suposen en cap cas una sugger\u00e8ncia ni una recomanaci\u00f3 perqu\u00e8 vost\u00e8 visiti les p\u00e0gines web de destinaci\u00f3, que estan fora del control del Titular. Per tant, el Titular no \u00e9s responsable del contingut dels llocs web enlla\u00e7ats ni del resultat que n\u2019obtingui en seguir els enlla\u00e7os. Aix\u00ed mateix, el Titular no respon dels links o enlla\u00e7os ubicats als llocs web vinculats als quals li proporciona acc\u00e9s. <\/p><p>L\u2019establiment de l\u2019enlla\u00e7 no implica en cap cas l\u2019exist\u00e8ncia de relacions entre el Titular i el propietari del lloc en qu\u00e8 s\u2019estableixi l\u2019enlla\u00e7, ni l\u2019acceptaci\u00f3 o aprovaci\u00f3 per part del Titular dels seus continguts o serveis.<\/p><p>Si accedeix a un lloc web extern des d\u2019un enlla\u00e7 que trobi al Lloc Web, haur\u00e0 de llegir la pol\u00edtica de privadesa pr\u00f2pia de l\u2019altre lloc web, que pot ser diferent de la d\u2019aquest Lloc Web.<\/p><p><strong>Propietat intel\u00b7lectual i industrial<\/strong><\/p><p><strong>Tots els drets estan reservats.<\/strong><\/p><p>Tot acc\u00e9s a aquest Lloc Web est\u00e0 subjecte a les condicions seg\u00fcents: la reproducci\u00f3, l\u2019emmagatzematge permanent i la difusi\u00f3 dels continguts o qualsevol altre \u00fas amb finalitat p\u00fablica o comercial queden expressament prohibits sense el consentiment previ, expr\u00e9s i per escrit del Titular.<\/p><p><strong>Limitaci\u00f3 de responsabilitat<\/strong><\/p><p>La informaci\u00f3 i els serveis inclosos o disponibles a trav\u00e9s del Lloc Web poden contenir incorreccions o errors tipogr\u00e0fics. De manera peri\u00f2dica, el Titular incorpora millores i\/o canvis a la informaci\u00f3 continguda i\/o als serveis, que pot introduir en qualsevol moment. <\/p><p>El Titular no declara ni garanteix que els serveis o continguts siguin ininterromputs o estiguin lliures d\u2019errors, que els defectes siguin corregits, o que el servei o el servidor que el posa a disposici\u00f3 estiguin lliures de virus o altres components nocius, sense perjudici que el Titular realitza tots els esfor\u00e7os per evitar aquest tipus d\u2019incidents.<\/p><p>El Titular declina qualsevol responsabilitat en cas que existeixin interrupcions o un mal funcionament dels serveis o continguts oferts a Internet, sigui quina sigui la seva causa. Aix\u00ed mateix, el Titular no es fa responsable de les caigudes de la xarxa, de les p\u00e8rdues de negoci com a conseq\u00fc\u00e8ncia d\u2019aquestes caigudes, de les suspensions temporals del subministrament el\u00e8ctric o de qualsevol altre tipus de dany indirecte que li pugui ser causat per causes alienes al Titular. <\/p><p>Abans de prendre decisions i\/o accions basades en la informaci\u00f3 inclosa al Lloc Web, el Titular li recomana comprovar i contrastar la informaci\u00f3 rebuda amb altres fonts.<\/p><p><strong>Contacte<\/strong><\/p><p>En cas que tingui qualsevol dubte sobre aquest Av\u00eds legal o vulgui fer qualsevol comentari sobre el Lloc Web, pot enviar un correu electr\u00f2nic a l\u2019adre\u00e7a: rascacielos@agenteinmobiliarioonline.com<\/p><p><strong>Identificaci\u00f3 i Titularitat<\/strong><\/p><p>A continuaci\u00f3, el Titular exposa les seves dades identificatives:<\/p><ul><li>Titular: Grup Rascacielos SL.<\/li><li>NIF: L-715016-K<\/li><li>Domicilio: Edifici Mirador de Casamanya num 2, Ordino \u2013 Andorra.<\/li><li>Correu electr\u00f2nic: rascacielos@agenteinmobiliarioonline.com<\/li><li>Lloc web: <a href=\"https:\/\/agenteinmobiliarioonline.com\/ca\/\">https:\/\/agenteinmobiliarioonline.com<\/a><\/li><\/ul><p><strong>Finalitat<\/strong><\/p><p>La finalitat del Lloc Web \u00e9s: Serveis de formaci\u00f3 en l\u00ednia.<\/p><p><strong>Condicions d&#8217;\u00fas<\/strong><\/p><p>La utilitzaci\u00f3 del Lloc Web li atorga la condici\u00f3 d\u2019Usuari, i implica l\u2019acceptaci\u00f3 completa de totes les cl\u00e0usules i condicions d\u2019\u00fas incloses a les p\u00e0gines:<\/p><ul><li><a href=\"https:\/\/agenteinmobiliarioonline.com\/aviso-legal\/\">Aviso Legal<\/a><\/li><li><a href=\"https:\/\/agenteinmobiliarioonline.com\/politica-de-privacidad\/\">Pol\u00edtica de privadesa<\/a><\/li><li><a href=\"https:\/\/agenteinmobiliarioonline.com\/politica-de-cookies\/\">Pol\u00edtica de galetes<\/a><\/li><\/ul><p>Si no est\u00e0 conforme amb totes i cadascuna d\u2019aquestes cl\u00e0usules i condicions, abstingui\u2019s d\u2019utilitzar el Lloc Web.<\/p><p>L\u2019acc\u00e9s al Lloc Web no suposa, en cap cas, l\u2019inici d\u2019una relaci\u00f3 comercial amb el Titular.<\/p><p>A trav\u00e9s del Lloc Web, el Titular li facilita l\u2019acc\u00e9s i la utilitzaci\u00f3 de diversos continguts que el Titular i\/o els seus col\u00b7laboradors han publicat mitjan\u00e7ant Internet.<\/p><p>A aquest efecte, est\u00e0 obligat i comprom\u00e8s a NO utilitzar cap dels continguts del Lloc Web amb fins o efectes il\u00b7l\u00edcits, prohibits en aquest Av\u00eds Legal o per la legislaci\u00f3 vigent, lesius dels drets i interessos de tercers, o que, de qualsevol manera, puguin danyar, inutilitzar, sobrecarregar, deteriorar o impedir la utilitzaci\u00f3 normal dels continguts, dels equips inform\u00e0tics o dels documents, arxius i tota mena de continguts emmagatzemats en qualsevol equip inform\u00e0tic propi o contractat pel Titular, per altres usuaris o per qualsevol usuari d\u2019Internet.<\/p><p><strong>Mesures de seguretat<\/strong><\/p><p>Les dades personals que faciliti al Titular poden ser emmagatzemades en bases de dades automatitzades o no, la titularitat de les quals correspon en exclusiva al Titular, que assumeix totes les mesures d\u2019\u00edndole t\u00e8cnica, organitzativa i de seguretat que garanteixen la confidencialitat, la integritat i la qualitat de la informaci\u00f3 continguda en aquestes, d\u2019acord amb el que estableix la normativa vigent en mat\u00e8ria de protecci\u00f3 de dades.<\/p><p>Tanmateix, ha de ser conscient que les mesures de seguretat dels sistemes inform\u00e0tics a Internet no s\u00f3n del tot fiables i que, per tant, el Titular no pot garantir la inexist\u00e8ncia de virus o altres elements que puguin produir alteracions en els sistemes inform\u00e0tics (programari i maquinari) de l\u2019Usuari o en els seus documents electr\u00f2nics i fitxers continguts en aquests, encara que el Titular posa tots els mitjans necessaris i pren les mesures de seguretat oportunes per evitar la pres\u00e8ncia d\u2019aquests elements nocius.<\/p><p><strong>Tractament de dades personals<\/strong><\/p><p>Pot consultar tota la informaci\u00f3 relativa al tractament de dades personals que recull el Titular a la p\u00e0gina de <a href=\"https:\/\/agenteinmobiliarioonline.com\/politica-de-privacidad\/\">Pol\u00edtica de privadesa.<\/a><\/p><p><strong>Continguts<\/strong><\/p><p>El Titular ha obtingut la informaci\u00f3, el contingut multim\u00e8dia i els materials inclosos al Lloc Web de fonts que considera fiables, per\u00f2, tot i haver pres totes les mesures raonables per assegurar que la informaci\u00f3 continguda \u00e9s correcta, el Titular no garanteix que sigui exacta, completa o actualitzada. El Titular declina expressament qualsevol responsabilitat per error o omissi\u00f3 en la informaci\u00f3 continguda a les p\u00e0gines del Lloc Web. <\/p><p>Queda prohibit transmetre o enviar a trav\u00e9s del Lloc Web qualsevol contingut il\u00b7legal o il\u00b7l\u00edcit, virus inform\u00e0tics o missatges que, en general, afectin o violin els drets del Titular o de tercers.<\/p><p>Els continguts del Lloc Web tenen \u00fanicament una finalitat informativa i, sota cap circumst\u00e0ncia, s\u2019han d\u2019utilitzar ni considerar com una oferta de venda, una sol\u00b7licitud d\u2019oferta de compra ni una recomanaci\u00f3 per realitzar qualsevol altra operaci\u00f3, llevat que aix\u00ed s\u2019indiqui expressament.<\/p><p>El Titular es reserva el dret de modificar, suspendre, cancel\u00b7lar o restringir el contingut del Lloc Web, els enlla\u00e7os o la informaci\u00f3 obtinguda a trav\u00e9s del Lloc Web, sense necessitat d\u2019av\u00eds previ.<\/p><p>El Titular no \u00e9s responsable dels danys i perjudicis que puguin derivar-se de la utilitzaci\u00f3 de la informaci\u00f3 del Lloc Web o de la continguda a les xarxes socials del Titular.<\/p><p><strong>Pol\u00edtica de galetes<\/strong><\/p><p>Pot consultar tota la informaci\u00f3 relativa a la pol\u00edtica de recollida i tractament de les galetes a la p\u00e0gina de <a href=\"https:\/\/agenteinmobiliarioonline.com\/politica-de-cookies\/\">Pol\u00edtica de galetes<\/a>.<\/p><p><strong>Enlla\u00e7os a altres llocs web<\/strong><\/p><p>El Titular pot proporcionar-li acc\u00e9s a llocs web de tercers mitjan\u00e7ant enlla\u00e7os amb la finalitat exclusiva d\u2019informar sobre l\u2019exist\u00e8ncia d\u2019altres fonts d\u2019informaci\u00f3 a Internet en les quals podr\u00e0 ampliar les dades ofertes al Lloc Web.<\/p><p>Aquests enlla\u00e7os a altres llocs web no suposen en cap cas una sugger\u00e8ncia ni una recomanaci\u00f3 perqu\u00e8 vost\u00e8 visiti les p\u00e0gines web de destinaci\u00f3, que estan fora del control del Titular. Per tant, el Titular no \u00e9s responsable del contingut dels llocs web enlla\u00e7ats ni del resultat que n\u2019obtingui en seguir els enlla\u00e7os. Aix\u00ed mateix, el Titular no respon dels links o enlla\u00e7os ubicats als llocs web vinculats als quals li proporciona acc\u00e9s. <\/p><p>L\u2019establiment de l\u2019enlla\u00e7 no implica en cap cas l\u2019exist\u00e8ncia de relacions entre el Titular i el propietari del lloc en qu\u00e8 s\u2019estableixi l\u2019enlla\u00e7, ni l\u2019acceptaci\u00f3 o aprovaci\u00f3 per part del Titular dels seus continguts o serveis.<\/p><p>Si accedeix a un lloc web extern des d\u2019un enlla\u00e7 que trobi al Lloc Web, haur\u00e0 de llegir la pol\u00edtica de privadesa pr\u00f2pia de l\u2019altre lloc web, que pot ser diferent de la d\u2019aquest Lloc Web.<\/p><p><strong>Propietat intel\u00b7lectual i industrial<\/strong><\/p><p>Tots els drets estan reservats.<\/p><p>Tot acc\u00e9s a aquest Lloc Web est\u00e0 subjecte a les condicions seg\u00fcents: la reproducci\u00f3, l\u2019emmagatzematge permanent i la difusi\u00f3 dels continguts o qualsevol altre \u00fas amb finalitat p\u00fablica o comercial queden expressament prohibits sense el consentiment previ, expr\u00e9s i per escrit del Titular.<\/p><p><strong>Limitaci\u00f3 de responsabilitat<\/strong><\/p><p>La informaci\u00f3 i els serveis inclosos o disponibles a trav\u00e9s del Lloc Web poden contenir incorreccions o errors tipogr\u00e0fics. De manera peri\u00f2dica, el Titular incorpora millores i\/o canvis a la informaci\u00f3 continguda i\/o als serveis, que pot introduir en qualsevol moment. <\/p><p>El Titular no declara ni garanteix que els serveis o continguts siguin ininterromputs o estiguin lliures d\u2019errors, que els defectes siguin corregits, o que el servei o el servidor que el posa a disposici\u00f3 estiguin lliures de virus o altres components nocius, sense perjudici que el Titular realitza tots els esfor\u00e7os per evitar aquest tipus d\u2019incidents.<\/p><p>El Titular declina qualsevol responsabilitat en cas que existeixin interrupcions o un mal funcionament dels serveis o continguts oferts a Internet, sigui quina sigui la seva causa. Aix\u00ed mateix, el Titular no es fa responsable de les caigudes de la xarxa, de les p\u00e8rdues de negoci com a conseq\u00fc\u00e8ncia d\u2019aquestes caigudes, de les suspensions temporals del subministrament el\u00e8ctric o de qualsevol altre tipus de dany indirecte que li pugui ser causat per causes alienes al Titular. <\/p><p>Abans de prendre decisions i\/o accions basades en la informaci\u00f3 inclosa al Lloc Web, el Titular li recomana comprovar i contrastar la informaci\u00f3 rebuda amb altres fonts.<\/p><p><strong>Contacte<\/strong><\/p><p>En cas que tingui qualsevol dubte sobre aquest Av\u00eds legal o vulgui fer qualsevol comentari sobre el Lloc Web, pot enviar un correu electr\u00f2nic a l\u2019adre\u00e7a: rascacielos@agenteinmobiliarioonline.com<\/p><p> <\/p>\t\t\t\t\t\t\t\t<\/div>\n\t\t\t\t<\/div>\n\t\t\t\t\t<\/div>\n\t\t\t\t<\/div>\n\t\t\t\t<\/div>\n\t\t","protected":false},"excerpt":{"rendered":"<p>Identificaci\u00f3 i Titularitat A continuaci\u00f3, el Titular exposa les seves dades identificatives: Titular: Grup Rascacielos SL. NIF: L-719864-P Domicili: Edifici Mirador de Casamanya num 2, Ordino &#8211; Andorra. Correu electr\u00f2nic: rascacielos@agenteinmobiliarioonline.com Lloc web: https:\/\/agenteinmobiliarioonline.com Finalitat La finalitat del Lloc Web \u00e9s: Serveis de formaci\u00f3 en l\u00ednia. Condicions d&#8217;\u00fas La utilitzaci\u00f3 del Lloc Web li atorga [&hellip;]<\/p>\n","protected":false},"author":4,"featured_media":0,"parent":0,"menu_order":0,"comment_status":"closed","ping_status":"closed","template":"","meta":{"site-sidebar-layout":"default","site-content-layout":"","ast-site-content-layout":"default","site-content-style":"default","site-sidebar-style":"default","ast-global-header-display":"","ast-banner-title-visibility":"","ast-main-header-display":"","ast-hfb-above-header-display":"","ast-hfb-below-header-display":"","ast-hfb-mobile-header-display":"","site-post-title":"disabled","ast-breadcrumbs-content":"","ast-featured-img":"","footer-sml-layout":"","theme-transparent-header-meta":"default","adv-header-id-meta":"","stick-header-meta":"","header-above-stick-meta":"","header-main-stick-meta":"","header-below-stick-meta":"","astra-migrate-meta-layouts":"set","ast-page-background-enabled":"default","ast-page-background-meta":{"desktop":{"background-color":"var(--ast-global-color-4)","background-image":"","background-repeat":"repeat","background-position":"center center","background-size":"auto","background-attachment":"scroll","background-type":"","background-media":"","overlay-type":"","overlay-color":"","overlay-opacity":"","overlay-gradient":""},"tablet":{"background-color":"","background-image":"","background-repeat":"repeat","background-position":"center center","background-size":"auto","background-attachment":"scroll","background-type":"","background-media":"","overlay-type":"","overlay-color":"","overlay-opacity":"","overlay-gradient":""},"mobile":{"background-color":"","background-image":"","background-repeat":"repeat","background-position":"center center","background-size":"auto","background-attachment":"scroll","background-type":"","background-media":"","overlay-type":"","overlay-color":"","overlay-opacity":"","overlay-gradient":""}},"ast-content-background-meta":{"desktop":{"background-color":"var(--ast-global-color-5)","background-image":"","background-repeat":"repeat","background-position":"center center","background-size":"auto","background-attachment":"scroll","background-type":"","background-media":"","overlay-type":"","overlay-color":"","overlay-opacity":"","overlay-gradient":""},"tablet":{"background-color":"var(--ast-global-color-5)","background-image":"","background-repeat":"repeat","background-position":"center center","background-size":"auto","background-attachment":"scroll","background-type":"","background-media":"","overlay-type":"","overlay-color":"","overlay-opacity":"","overlay-gradient":""},"mobile":{"background-color":"var(--ast-global-color-5)","background-image":"","background-repeat":"repeat","background-position":"center center","background-size":"auto","background-attachment":"scroll","background-type":"","background-media":"","overlay-type":"","overlay-color":"","overlay-opacity":"","overlay-gradient":""}},"footnotes":""},"class_list":["post-6516","page","type-page","status-publish","hentry"],"_links":{"self":[{"href":"https:\/\/www.agenteinmobiliarioonline.com\/ca\/wp-json\/wp\/v2\/pages\/6516","targetHints":{"allow":["GET"]}}],"collection":[{"href":"https:\/\/www.agenteinmobiliarioonline.com\/ca\/wp-json\/wp\/v2\/pages"}],"about":[{"href":"https:\/\/www.agenteinmobiliarioonline.com\/ca\/wp-json\/wp\/v2\/types\/page"}],"author":[{"embeddable":true,"href":"https:\/\/www.agenteinmobiliarioonline.com\/ca\/wp-json\/wp\/v2\/users\/4"}],"replies":[{"embeddable":true,"href":"https:\/\/www.agenteinmobiliarioonline.com\/ca\/wp-json\/wp\/v2\/comments?post=6516"}],"version-history":[{"count":3,"href":"https:\/\/www.agenteinmobiliarioonline.com\/ca\/wp-json\/wp\/v2\/pages\/6516\/revisions"}],"predecessor-version":[{"id":6561,"href":"https:\/\/www.agenteinmobiliarioonline.com\/ca\/wp-json\/wp\/v2\/pages\/6516\/revisions\/6561"}],"wp:attachment":[{"href":"https:\/\/www.agenteinmobiliarioonline.com\/ca\/wp-json\/wp\/v2\/media?parent=6516"}],"curies":[{"name":"wp","href":"https:\/\/api.w.org\/{rel}","templated":true}]}}